{"id":1989,"date":"2024-07-23T10:04:11","date_gmt":"2024-07-23T14:04:11","guid":{"rendered":"https:\/\/kerrfinancial.ca\/politique-de-confidentialite\/"},"modified":"2026-01-19T16:49:14","modified_gmt":"2026-01-19T21:49:14","slug":"politique-de-confidentialite","status":"publish","type":"page","link":"https:\/\/kerrfinancial.ca\/fr\/politique-de-confidentialite\/","title":{"rendered":"Politique de confidentialit\u00e9"},"content":{"rendered":"<div class=\"fusion-fullwidth fullwidth-box fusion-builder-row-1 fusion-flex-container nonhundred-percent-fullwidth non-hundred-percent-height-scrolling\" style=\"--awb-border-sizes-top:0;--awb-border-color:rgba(54,62,73,0);--awb-border-radius-top-left:0px;--awb-border-radius-top-right:0px;--awb-border-radius-bottom-right:0px;--awb-border-radius-bottom-left:0px;--awb-padding-top:50px;--awb-padding-bottom:100px;--awb-padding-top-medium:70px;--awb-padding-bottom-medium:0px;--awb-padding-top-small:20px;--awb-padding-right-small:20px;--awb-padding-bottom-small:60px;--awb-padding-left-small:20px;--awb-background-color:var(--awb-color1);--awb-background-image:linear-gradient(180deg, #ffffff 0%,rgba(255,255,255,0.94) 100%);--awb-background-size:contain;--awb-flex-wrap:wrap;\" ><div class=\"fusion-builder-row fusion-row fusion-flex-align-items-flex-start fusion-flex-justify-content-center fusion-flex-content-wrap\" style=\"max-width:calc( 1200px + 80px );margin-left: calc(-80px \/ 2 );margin-right: calc(-80px \/ 2 );\"><div class=\"fusion-layout-column fusion_builder_column fusion-builder-column-0 fusion_builder_column_4_5 4_5 fusion-flex-column fusion-animated\" style=\"--awb-padding-top-small:0px;--awb-padding-right-small:0px;--awb-padding-bottom-small:0px;--awb-padding-left-small:0px;--awb-bg-size:cover;--awb-width-large:80%;--awb-margin-top-large:0px;--awb-spacing-right-large:40px;--awb-margin-bottom-large:0px;--awb-spacing-left-large:40px;--awb-width-medium:80%;--awb-order-medium:0;--awb-spacing-right-medium:40px;--awb-spacing-left-medium:40px;--awb-width-small:100%;--awb-order-small:0;--awb-spacing-right-small:40px;--awb-spacing-left-small:40px;\" data-animationType=\"fadeIn\" data-animationDuration=\"0.8\" data-animationOffset=\"top-into-view\"><div class=\"fusion-column-wrapper fusion-column-has-shadow fusion-flex-justify-content-flex-start fusion-content-layout-column\"><div class=\"fusion-title title fusion-title-1 fusion-sep-none fusion-title-text fusion-title-size-one\" style=\"--awb-margin-bottom:60px;--awb-margin-bottom-small:20px;\"><h1 class=\"fusion-title-heading title-heading-left fusion-responsive-typography-calculated\" style=\"margin:0;--fontSize:50;line-height:var(--awb-typography1-line-height);\">Protection des Renseignements Personnels<\/h1><\/div><div class=\"fusion-text fusion-text-1 sm-text-align-left fusion-text-no-margin\" style=\"--awb-letter-spacing:var(--awb-typography4-letter-spacing);--awb-margin-top:0px;--awb-margin-right:0px;--awb-margin-bottom:40px;--awb-margin-left:0px;\"><p>Groupe Financier Kerr s&rsquo;engage \u00e0 respecter votre droit \u00e0 la protection des renseignements personnels, en conformit\u00e9 avec les lois en vigueur au Qu\u00e9bec et au Canada sur la protection de la vie priv\u00e9e.<\/p>\n<p>Dans le cadre de ses activit\u00e9s, Groupe Financier Kerr peut \u00eatre amen\u00e9 \u00e0 recueillir des renseignements personnels vous concernant. Ces informations sont utilis\u00e9es uniquement pour communiquer avec vous, vous fournir les services demand\u00e9s, ou pour vous envoyer des informations susceptibles de vous int\u00e9resser. Aucune autre utilisation de vos renseignements personnels ne sera faite sans votre consentement explicite.<\/p>\n<p>Pour garantir une gestion responsable de vos donn\u00e9es, Groupe Financier Kerr a d\u00e9sign\u00e9 un responsable de la protection des renseignements personnels, charg\u00e9 de superviser toutes les questions de confidentialit\u00e9. Vous pouvez contacter cette personne pour toute demande de renseignements, pour exercer vos droits, pour d\u00e9poser une plainte, ou pour obtenir plus d&rsquo;informations sur nos pratiques en mati\u00e8re de confidentialit\u00e9, \u00e0 l&rsquo;adresse suivante : <a href=\"mailto: privacy@kerrfinancial.ca\">privacy@kerrfinancial.ca<\/a><\/p>\n<p>Nous vous encourageons \u00e0 consulter notre politique de confidentialit\u00e9 compl\u00e8te pour en savoir plus sur nos pratiques de gestion des donn\u00e9es personnelles.<\/p>\n<p>Nous vous souhaitons une exp\u00e9rience agr\u00e9able sur notre site web et lors de vos interactions avec nous. Pour toute information compl\u00e9mentaire, n&rsquo;h\u00e9sitez pas \u00e0 nous contacter.<\/p>\n<\/div><div class=\"fusion-title title fusion-title-2 fusion-sep-none fusion-title-text fusion-title-size-one\" style=\"--awb-margin-bottom:60px;--awb-margin-bottom-small:20px;\"><h1 class=\"fusion-title-heading title-heading-left fusion-responsive-typography-calculated\" style=\"margin:0;--fontSize:50;line-height:var(--awb-typography1-line-height);\"><ol>\n<li>Engagement du Groupe Financier Kerr envers la protection des renseignements personnels<\/li>\n<\/ol><\/h1><\/div><div class=\"fusion-text fusion-text-2 sm-text-align-left fusion-text-no-margin\" style=\"--awb-letter-spacing:var(--awb-typography4-letter-spacing);--awb-margin-top:0px;--awb-margin-right:0px;--awb-margin-bottom:40px;--awb-margin-left:0px;\"><p>Le pr\u00e9sent r\u00e9sum\u00e9 de la politique relative \u00e0 la protection des renseignements personnels (Politique) s\u2019applique au Groupe Financier Kerr, ainsi qu\u2019\u00e0 ses divisions et filiales conform\u00e9ment \u00e0 la Loi 25 (Loi) de la province du Qu\u00e9bec.<\/p>\n<p>Le Groupe Financier Kerr s\u2019engage \u00e0 respecter et prot\u00e9ger la vie priv\u00e9e des utilisateurs de notre site web, de nos clients, de nos fournisseurs, de nos employ\u00e9s et des autres personnes qui interagissent avec nous.<\/p>\n<p>La Politique d\u00e9crit les renseignements personnels que nous recueillons, la mani\u00e8re dont nous les utilisons, les communiquons \u00e0 des parties prenantes, ainsi que les droits et les choix en ce qui concerne vos renseignements personnels.<\/p>\n<\/div><div class=\"fusion-title title fusion-title-3 fusion-sep-none fusion-title-text fusion-title-size-one\" style=\"--awb-margin-bottom:60px;--awb-margin-bottom-small:20px;\"><h1 class=\"fusion-title-heading title-heading-left fusion-responsive-typography-calculated\" style=\"margin:0;--fontSize:50;line-height:var(--awb-typography1-line-height);\">2. Qu\u2019entend-on par \u2018renseignements personnels\u2019?<\/h1><\/div><div class=\"fusion-text fusion-text-3 sm-text-align-left fusion-text-no-margin\" style=\"--awb-letter-spacing:var(--awb-typography4-letter-spacing);--awb-margin-top:0px;--awb-margin-right:0px;--awb-margin-bottom:40px;--awb-margin-left:0px;\"><p>Les renseignements personnels sont ceux qui portent sur une personne physique et permettent de l\u2019identifier. Ces renseignements sont de nature confidentielle et, sauf exception, ne peuvent \u00eatre communiqu\u00e9s sans le consentement de la personne concern\u00e9e.<\/p>\n<\/div><div class=\"fusion-title title fusion-title-4 fusion-sep-none fusion-title-text fusion-title-size-one\" style=\"--awb-margin-bottom:60px;--awb-margin-bottom-small:20px;\"><h1 class=\"fusion-title-heading title-heading-left fusion-responsive-typography-calculated\" style=\"margin:0;--fontSize:50;line-height:var(--awb-typography1-line-height);\">3. Responsable de la protection des renseignements personnels (RPP)<\/h1><\/div><div class=\"fusion-text fusion-text-4 sm-text-align-left fusion-text-no-margin\" style=\"--awb-letter-spacing:var(--awb-typography4-letter-spacing);--awb-margin-top:0px;--awb-margin-right:0px;--awb-margin-bottom:40px;--awb-margin-left:0px;\"><p>Conform\u00e9ment aux exigences de la Loi, le Groupe Financier Kerr a d\u00e9sign\u00e9 une responsable de la protection des renseignements personnels (RPP) qui est charg\u00e9e de superviser les questions li\u00e9es \u00e0 la protection des renseignements personnels.<\/p>\n<p>Nom : Samuel Singler, Chef de la Conformit\u00e9<\/p>\n<p>Contact\u00a0: <a href=\"mailto:loi25@groupekerr.ca\">privacy@kerrfinancial.ca<\/a><\/p>\n<\/div><div class=\"fusion-title title fusion-title-5 fusion-sep-none fusion-title-text fusion-title-size-one\" style=\"--awb-margin-bottom:60px;--awb-margin-bottom-small:20px;\"><h1 class=\"fusion-title-heading title-heading-left fusion-responsive-typography-calculated\" style=\"margin:0;--fontSize:50;line-height:var(--awb-typography1-line-height);\">4. Consentement<\/h1><\/div><div class=\"fusion-text fusion-text-5 sm-text-align-left fusion-text-no-margin\" style=\"--awb-letter-spacing:var(--awb-typography4-letter-spacing);--awb-margin-top:0px;--awb-margin-right:0px;--awb-margin-bottom:40px;--awb-margin-left:0px;\"><p>Les processus du Groupe Financier Kerr entourant le consentement sont :<\/p>\n<ul>\n<li>d&rsquo;obtenir un consentement valide distinct pour chaque fin sp\u00e9cifique de mani\u00e8re claire et simple, de s\u00e9parer cette demande des autres informations lorsqu&rsquo;elle est \u00e9crite, et de fournir toutes les informations exig\u00e9es par la Loi \u00e0 la personne concern\u00e9e;<\/li>\n<li>d\u2019informer une personne lorsqu\u2019elle fait l\u2019objet d\u2019une d\u00e9cision fond\u00e9e exclusivement sur un traitement automatis\u00e9;<\/li>\n<li>d\u2019informer une personne avant de recourir \u00e0 une technologie permettant de l\u2019identifier, de la localiser ou d\u2019effectuer son profilage et des moyens offerts pour activer ces fonctions.<\/li>\n<\/ul>\n<\/div><div class=\"fusion-title title fusion-title-6 fusion-sep-none fusion-title-text fusion-title-size-one\" style=\"--awb-margin-bottom:60px;--awb-margin-bottom-small:20px;\"><h1 class=\"fusion-title-heading title-heading-left fusion-responsive-typography-calculated\" style=\"margin:0;--fontSize:50;line-height:var(--awb-typography1-line-height);\">5. Comment proc\u00e9dons-nous \u00e0 la collecte et traitement des renseignements personnels?<\/h1><\/div><div class=\"fusion-text fusion-text-6 sm-text-align-left fusion-text-no-margin\" style=\"--awb-letter-spacing:var(--awb-typography4-letter-spacing);--awb-margin-top:0px;--awb-margin-right:0px;--awb-margin-bottom:40px;--awb-margin-left:0px;\"><p>Nous obtenons le consentement des individus avant de collecter des renseignements personnels, qu&rsquo;on recueille directement, via des cookies, ou des technologies de suivi.<\/p>\n<p>Seules les donn\u00e9es n\u00e9cessaires pour offrir les services sont collect\u00e9es, incluant des informations d&rsquo;identit\u00e9 (nom, num\u00e9ro d&rsquo;assurance sociale, date de naissance, coordonn\u00e9es) et des renseignements professionnels ou financiers (CV, coordonn\u00e9es bancaires).<\/p>\n<p>Les personnes concern\u00e9es sont inform\u00e9es clairement de l&rsquo;utilisation de leurs donn\u00e9es et de leurs droits.<\/p>\n<\/div><div class=\"fusion-title title fusion-title-7 fusion-sep-none fusion-title-text fusion-title-size-one\" style=\"--awb-margin-bottom:60px;--awb-margin-bottom-small:20px;\"><h1 class=\"fusion-title-heading title-heading-left fusion-responsive-typography-calculated\" style=\"margin:0;--fontSize:50;line-height:var(--awb-typography1-line-height);\">6. Quelles sont les mesures de protection et conservation des renseignements personnels en place ?<\/h1><\/div><div class=\"fusion-text fusion-text-7 sm-text-align-left fusion-text-no-margin\" style=\"--awb-letter-spacing:var(--awb-typography4-letter-spacing);--awb-margin-top:0px;--awb-margin-right:0px;--awb-margin-bottom:40px;--awb-margin-left:0px;\"><p>Nous avons cr\u00e9\u00e9 un inventaire de toutes les donn\u00e9es personnelles collect\u00e9es, trait\u00e9es ou stock\u00e9es par le Groupe Financier Kerr. Nous avons identifi\u00e9 les sources de donn\u00e9es, les destinataires des donn\u00e9es et les lieux de stockage des donn\u00e9es.<\/p>\n<p>L\u2019inventaire des renseignements personnels sera mis \u00e0 jour annuellement afin de pr\u00e9voir les actions requises pour prot\u00e9ger les renseignements personnels et de respecter toutes nos obligations r\u00e9glementaires, en continue.<\/p>\n<\/div><div class=\"fusion-title title fusion-title-8 fusion-sep-none fusion-title-text fusion-title-size-one\" style=\"--awb-margin-bottom:60px;--awb-margin-bottom-small:20px;\"><h1 class=\"fusion-title-heading title-heading-left fusion-responsive-typography-calculated\" style=\"margin:0;--fontSize:50;line-height:var(--awb-typography1-line-height);\">7. Acc\u00e8s \u00e0 vos renseignements personnels<\/h1><\/div><div class=\"fusion-text fusion-text-8 sm-text-align-left fusion-text-no-margin\" style=\"--awb-letter-spacing:var(--awb-typography4-letter-spacing);--awb-margin-top:0px;--awb-margin-right:0px;--awb-margin-bottom:40px;--awb-margin-left:0px;\"><p>Les personnes concern\u00e9es ont plusieurs droits concernant leurs donn\u00e9es personnelles : elles peuvent demander l&rsquo;acc\u00e8s \u00e0 leurs donn\u00e9es, leur rectification, ou leur suppression dans certaines situations. Elles peuvent aussi demander que leurs donn\u00e9es soient fournies dans un format lisible par machine, s&rsquo;opposer \u00e0 leur traitement pour certaines finalit\u00e9s, et d\u00e9poser des plaintes sur la gestion de leurs informations personnelles par le Groupe Financier Kerr.<\/p>\n<p>Groupe Financier Kerr r\u00e9pondra \u00e0 ces demandes dans un d\u00e9lai d&rsquo;un mois. Veuillez faire parvenir votre demande \u00e0 l\u2019adresse <a href=\"mailto:loi25@kerrfinancial.ca\">privacy@kerrfinancial.ca<\/a><\/p>\n<\/div><div class=\"fusion-title title fusion-title-9 fusion-sep-none fusion-title-text fusion-title-size-one\" style=\"--awb-margin-bottom:60px;--awb-margin-bottom-small:20px;\"><h1 class=\"fusion-title-heading title-heading-left fusion-responsive-typography-calculated\" style=\"margin:0;--fontSize:50;line-height:var(--awb-typography1-line-height);\">8. Exactitude des renseignements personnels<\/h1><\/div><div class=\"fusion-text fusion-text-9 sm-text-align-left fusion-text-no-margin\" style=\"--awb-letter-spacing:var(--awb-typography4-letter-spacing);--awb-margin-top:0px;--awb-margin-right:0px;--awb-margin-bottom:40px;--awb-margin-left:0px;\"><p>L\u2019organisation s\u2019engage \u00e0 maintenir la pr\u00e9cision et la mise \u00e0 jour des renseignements personnels des personnes concern\u00e9es. Si des inexactitudes sont constat\u00e9es dans les donn\u00e9es personnelles, l&rsquo;adresse suivante peut \u00eatre contact\u00e9e pour demander un changement\u00a0: <a href=\"mailto:loi25@kerrfinancial.ca\">privacy@kerrfinancial.ca<\/a>.<\/p>\n<\/div><div class=\"fusion-title title fusion-title-10 fusion-sep-none fusion-title-text fusion-title-size-one\" style=\"--awb-margin-bottom:60px;--awb-margin-bottom-small:20px;\"><h1 class=\"fusion-title-heading title-heading-left fusion-responsive-typography-calculated\" style=\"margin:0;--fontSize:50;line-height:var(--awb-typography1-line-height);\">9. Processus en cas d\u2019incident de confidentialit\u00e9<\/h1><\/div><div class=\"fusion-text fusion-text-10 sm-text-align-left fusion-text-no-margin\" style=\"--awb-letter-spacing:var(--awb-typography4-letter-spacing);--awb-margin-top:0px;--awb-margin-right:0px;--awb-margin-bottom:40px;--awb-margin-left:0px;\"><p>En cas d&rsquo;incident de confidentialit\u00e9, le Groupe Financier Kerr tient un registre de tous ces derniers et prend rapidement des mesures afin de diminuer le risque qu&rsquo;un pr\u00e9judice soit caus\u00e9 aux personnes concern\u00e9es et d\u2019\u00e9viter que de nouveaux incidents de m\u00eame nature ne se produisent.<br \/>\nDe plus, on informe la Commission d&rsquo;acc\u00e8s \u00e0 l&rsquo;information (CAI) et les personnes concern\u00e9es en cas d&rsquo;incident impliquant un risque s\u00e9rieux de pr\u00e9judice.<\/p>\n<\/div><\/div><\/div><\/div><\/div>\n","protected":false},"excerpt":{"rendered":"","protected":false},"author":22,"featured_media":0,"parent":0,"menu_order":0,"comment_status":"closed","ping_status":"closed","template":"100-width.php","meta":{"footnotes":""},"class_list":["post-1989","page","type-page","status-publish","hentry"],"yoast_head":"<!-- This site is optimized with the Yoast SEO plugin v27.5 - https:\/\/yoast.com\/product\/yoast-seo-wordpress\/ -->\n<title>Politique de confidentialit\u00e9 - Kerr Financial<\/title>\n<meta name=\"robots\" content=\"index, follow, max-snippet:-1, max-image-preview:large, max-video-preview:-1\" \/>\n<link rel=\"canonical\" href=\"https:\/\/kerrfinancial.ca\/fr\/politique-de-confidentialite\/\" \/>\n<meta property=\"og:locale\" content=\"fr_FR\" \/>\n<meta property=\"og:type\" content=\"article\" \/>\n<meta property=\"og:title\" content=\"Politique de confidentialit\u00e9 - Kerr Financial\" \/>\n<meta property=\"og:url\" content=\"https:\/\/kerrfinancial.ca\/fr\/politique-de-confidentialite\/\" \/>\n<meta property=\"og:site_name\" content=\"Kerr Financial\" \/>\n<meta property=\"article:modified_time\" content=\"2026-01-19T21:49:14+00:00\" \/>\n<meta name=\"twitter:card\" content=\"summary_large_image\" \/>\n<meta name=\"twitter:label1\" content=\"Dur\u00e9e de lecture estim\u00e9e\" \/>\n\t<meta name=\"twitter:data1\" content=\"5 minutes\" \/>\n<script type=\"application\/ld+json\" class=\"yoast-schema-graph\">{\"@context\":\"https:\\\/\\\/schema.org\",\"@graph\":[{\"@type\":\"WebPage\",\"@id\":\"https:\\\/\\\/kerrfinancial.ca\\\/fr\\\/politique-de-confidentialite\\\/\",\"url\":\"https:\\\/\\\/kerrfinancial.ca\\\/fr\\\/politique-de-confidentialite\\\/\",\"name\":\"Politique de confidentialit\u00e9 - Kerr Financial\",\"isPartOf\":{\"@id\":\"https:\\\/\\\/kerrfinancial.ca\\\/#website\"},\"datePublished\":\"2024-07-23T14:04:11+00:00\",\"dateModified\":\"2026-01-19T21:49:14+00:00\",\"breadcrumb\":{\"@id\":\"https:\\\/\\\/kerrfinancial.ca\\\/fr\\\/politique-de-confidentialite\\\/#breadcrumb\"},\"inLanguage\":\"fr-FR\",\"potentialAction\":[{\"@type\":\"ReadAction\",\"target\":[\"https:\\\/\\\/kerrfinancial.ca\\\/fr\\\/politique-de-confidentialite\\\/\"]}]},{\"@type\":\"BreadcrumbList\",\"@id\":\"https:\\\/\\\/kerrfinancial.ca\\\/fr\\\/politique-de-confidentialite\\\/#breadcrumb\",\"itemListElement\":[{\"@type\":\"ListItem\",\"position\":1,\"name\":\"Home\",\"item\":\"https:\\\/\\\/kerrfinancial.ca\\\/fr\\\/\"},{\"@type\":\"ListItem\",\"position\":2,\"name\":\"Politique de confidentialit\u00e9\"}]},{\"@type\":\"WebSite\",\"@id\":\"https:\\\/\\\/kerrfinancial.ca\\\/#website\",\"url\":\"https:\\\/\\\/kerrfinancial.ca\\\/\",\"name\":\"Kerr Financial\",\"description\":\"\",\"potentialAction\":[{\"@type\":\"SearchAction\",\"target\":{\"@type\":\"EntryPoint\",\"urlTemplate\":\"https:\\\/\\\/kerrfinancial.ca\\\/?s={search_term_string}\"},\"query-input\":{\"@type\":\"PropertyValueSpecification\",\"valueRequired\":true,\"valueName\":\"search_term_string\"}}],\"inLanguage\":\"fr-FR\"}]}<\/script>\n<!-- \/ Yoast SEO plugin. -->","yoast_head_json":{"title":"Politique de confidentialit\u00e9 - Kerr Financial","robots":{"index":"index","follow":"follow","max-snippet":"max-snippet:-1","max-image-preview":"max-image-preview:large","max-video-preview":"max-video-preview:-1"},"canonical":"https:\/\/kerrfinancial.ca\/fr\/politique-de-confidentialite\/","og_locale":"fr_FR","og_type":"article","og_title":"Politique de confidentialit\u00e9 - Kerr Financial","og_url":"https:\/\/kerrfinancial.ca\/fr\/politique-de-confidentialite\/","og_site_name":"Kerr Financial","article_modified_time":"2026-01-19T21:49:14+00:00","twitter_card":"summary_large_image","twitter_misc":{"Dur\u00e9e de lecture estim\u00e9e":"5 minutes"},"schema":{"@context":"https:\/\/schema.org","@graph":[{"@type":"WebPage","@id":"https:\/\/kerrfinancial.ca\/fr\/politique-de-confidentialite\/","url":"https:\/\/kerrfinancial.ca\/fr\/politique-de-confidentialite\/","name":"Politique de confidentialit\u00e9 - Kerr Financial","isPartOf":{"@id":"https:\/\/kerrfinancial.ca\/#website"},"datePublished":"2024-07-23T14:04:11+00:00","dateModified":"2026-01-19T21:49:14+00:00","breadcrumb":{"@id":"https:\/\/kerrfinancial.ca\/fr\/politique-de-confidentialite\/#breadcrumb"},"inLanguage":"fr-FR","potentialAction":[{"@type":"ReadAction","target":["https:\/\/kerrfinancial.ca\/fr\/politique-de-confidentialite\/"]}]},{"@type":"BreadcrumbList","@id":"https:\/\/kerrfinancial.ca\/fr\/politique-de-confidentialite\/#breadcrumb","itemListElement":[{"@type":"ListItem","position":1,"name":"Home","item":"https:\/\/kerrfinancial.ca\/fr\/"},{"@type":"ListItem","position":2,"name":"Politique de confidentialit\u00e9"}]},{"@type":"WebSite","@id":"https:\/\/kerrfinancial.ca\/#website","url":"https:\/\/kerrfinancial.ca\/","name":"Kerr Financial","description":"","potentialAction":[{"@type":"SearchAction","target":{"@type":"EntryPoint","urlTemplate":"https:\/\/kerrfinancial.ca\/?s={search_term_string}"},"query-input":{"@type":"PropertyValueSpecification","valueRequired":true,"valueName":"search_term_string"}}],"inLanguage":"fr-FR"}]}},"_links":{"self":[{"href":"https:\/\/kerrfinancial.ca\/fr\/wp-json\/wp\/v2\/pages\/1989","targetHints":{"allow":["GET"]}}],"collection":[{"href":"https:\/\/kerrfinancial.ca\/fr\/wp-json\/wp\/v2\/pages"}],"about":[{"href":"https:\/\/kerrfinancial.ca\/fr\/wp-json\/wp\/v2\/types\/page"}],"author":[{"embeddable":true,"href":"https:\/\/kerrfinancial.ca\/fr\/wp-json\/wp\/v2\/users\/22"}],"replies":[{"embeddable":true,"href":"https:\/\/kerrfinancial.ca\/fr\/wp-json\/wp\/v2\/comments?post=1989"}],"version-history":[{"count":0,"href":"https:\/\/kerrfinancial.ca\/fr\/wp-json\/wp\/v2\/pages\/1989\/revisions"}],"wp:attachment":[{"href":"https:\/\/kerrfinancial.ca\/fr\/wp-json\/wp\/v2\/media?parent=1989"}],"curies":[{"name":"wp","href":"https:\/\/api.w.org\/{rel}","templated":true}]}}