{"id":12001,"date":"2025-06-18T16:54:39","date_gmt":"2025-06-18T20:54:39","guid":{"rendered":"https:\/\/kerrfinancial.ca\/politique-des-plaintes\/"},"modified":"2025-06-18T17:13:30","modified_gmt":"2025-06-18T21:13:30","slug":"politique-des-plaintes","status":"publish","type":"page","link":"https:\/\/kerrfinancial.ca\/fr\/politique-des-plaintes\/","title":{"rendered":"Politique des plaintes"},"content":{"rendered":"<div class=\"fusion-fullwidth fullwidth-box fusion-builder-row-1 fusion-flex-container nonhundred-percent-fullwidth non-hundred-percent-height-scrolling\" style=\"--awb-border-sizes-top:0;--awb-border-color:rgba(54,62,73,0);--awb-border-radius-top-left:0px;--awb-border-radius-top-right:0px;--awb-border-radius-bottom-right:0px;--awb-border-radius-bottom-left:0px;--awb-padding-top:50px;--awb-padding-bottom:100px;--awb-padding-top-medium:70px;--awb-padding-bottom-medium:0px;--awb-padding-top-small:20px;--awb-padding-right-small:20px;--awb-padding-bottom-small:60px;--awb-padding-left-small:20px;--awb-background-color:var(--awb-color1);--awb-background-image:linear-gradient(180deg, #ffffff 0%,rgba(255,255,255,0.94) 100%);--awb-background-size:contain;--awb-flex-wrap:wrap;\" ><div class=\"fusion-builder-row fusion-row fusion-flex-align-items-flex-start fusion-flex-justify-content-center fusion-flex-content-wrap\" style=\"max-width:calc( 1200px + 80px );margin-left: calc(-80px \/ 2 );margin-right: calc(-80px \/ 2 );\"><div class=\"fusion-layout-column fusion_builder_column fusion-builder-column-0 fusion_builder_column_4_5 4_5 fusion-flex-column fusion-animated\" style=\"--awb-padding-top-small:0px;--awb-padding-right-small:0px;--awb-padding-bottom-small:0px;--awb-padding-left-small:0px;--awb-bg-size:cover;--awb-width-large:80%;--awb-margin-top-large:0px;--awb-spacing-right-large:40px;--awb-margin-bottom-large:0px;--awb-spacing-left-large:40px;--awb-width-medium:80%;--awb-order-medium:0;--awb-spacing-right-medium:40px;--awb-spacing-left-medium:40px;--awb-width-small:100%;--awb-order-small:0;--awb-spacing-right-small:40px;--awb-spacing-left-small:40px;\" data-animationType=\"fadeIn\" data-animationDuration=\"0.8\" data-animationOffset=\"top-into-view\"><div class=\"fusion-column-wrapper fusion-column-has-shadow fusion-flex-justify-content-flex-start fusion-content-layout-column\"><div class=\"fusion-title title fusion-title-1 fusion-sep-none fusion-title-text fusion-title-size-one\"><h1 class=\"fusion-title-heading title-heading-left fusion-responsive-typography-calculated\" style=\"margin:0;--fontSize:50;line-height:var(--awb-typography1-line-height);\">Politique des plaintes<\/h1><\/div><div class=\"fusion-text fusion-text-1 sm-text-align-left fusion-text-no-margin\" style=\"--awb-letter-spacing:var(--awb-typography4-letter-spacing);--awb-margin-top:0px;--awb-margin-right:0px;--awb-margin-bottom:40px;--awb-margin-left:0px;\"><p>Nous avons mis en place une proc\u00e9dure gratuite, simple et transparente pour traiter les plaintes de<br \/>nos clients. Le traitement des plaintes est effectu\u00e9 de mani\u00e8re objective et tient compte des int\u00e9r\u00eats<br \/>des plaignants. Nous r\u00e9pondons \u00e0 toutes les plaintes, les documentons et les traitons rapidement.  <\/p>\n<ol>\n<li><strong><u>D\u00e9finition d\u2019une plainte<\/u><\/strong><\/li>\n<\/ol>\n<p>Aux fins de la pr\u00e9sente Politique, une \u00ab plainte \u00bb d\u00e9signe l&rsquo;expression d&rsquo;un reproche ou d&rsquo;une<br \/>insatisfaction de la part d&rsquo;un membre de notre client\u00e8le concernant les services ou produits que nous proposons, accompagn\u00e9e de l&rsquo;attente que nous prenions des mesures pour y rem\u00e9dier. Ces mesures peuvent viser sp\u00e9cifiquement la r\u00e9solution de la situation \u00e0 l&rsquo;origine de votre r\u00e9clamation ou prendre la forme d&rsquo;un remboursement. <\/p>\n<ol start=\"2\">\n<li><strong><u>Comment porter plainte <\/u><\/strong><\/li>\n<\/ol>\n<p>Vous pouvez d\u00e9poser une plainte aupr\u00e8s de nous en utilisant le moyen qui vous convient le mieux.<br \/>Veuillez noter que nous pouvons vous aider \u00e0 d\u00e9poser votre plainte si vous ne savez pas comment<br \/>proc\u00e9der.<\/p>\n<p>Vous pouvez \u00e9galement utiliser le formulaire fourni par l&rsquo;Autorit\u00e9 des march\u00e9s financiers (AMF): <a href=\"https:\/\/lautorite.qc.ca\/fileadmin\/lautorite\/formulaires\/grand-public\/GP-plainte_formulaire-plainte-fr.pdf\">Formulaire de Plainte (AMF)<\/a><\/p>\n<p>Les clients qui souhaitent d\u00e9poser une plainte ou qui ont des questions sur le d\u00e9p\u00f4t d&rsquo;une plainte ou<br \/>le processus associ\u00e9 peuvent contacter le responsable des plaintes d\u00e9sign\u00e9 de Conseillers en<br \/>Placements Kerr Inc., Robert J. Kerr, qui est \u00e9galement le chef de la conformit\u00e9, par courriel, par<br \/>courrier ordinaire ou par t\u00e9l\u00e9phone aux adresses\/num\u00e9ros suivants:<\/p>\n<p>Conseillers en placement Kerr inc.<br \/>\n<strong>ATTN<\/strong>: Robert J. Kerr, chef de la conformit\u00e9<br \/>\n1, place Ville-Marie, bureau 1680<br \/>\nMontr\u00e9al, (Qu\u00e9bec) H3B 2B6<br \/>\nT\u00e9l\u00e9phonel: (514) 871\u00ad8213<br \/>\nT\u00e9l\u00e9copieur: (514) 393\u00ad9516<br \/>\n<a href=\"mailto:rkerr@kerrfinancial.ca\">rkerr@kerrfinancial.ca<\/a><\/p>\n<p>Nos bureaux sont ouverts de 8h30 \u00e0 17h30, du lundi au vendredi.<\/p>\n<ol start=\"3\">\n<li><strong><u>Traitement des plaintes: <\/u><\/strong><\/li>\n<\/ol>\n<ol type=\"a\">\n<li><strong>Accus\u00e9 de r\u00e9ception de la plainte<\/strong><\/li>\n<\/ol>\n<p>\u00c0 la r\u00e9ception d&rsquo;une plainte d&rsquo;un client, un accus\u00e9 de r\u00e9ception \u00e9crit est envoy\u00e9 au client <br \/>meilleurs d\u00e9lais, et au plus tard 10 jours civils apr\u00e8s la date de r\u00e9ception de la plainte.<\/p>\n<ol start=\"2\" type=\"a\">\n<li><strong>Analyse de la plainte<\/strong><\/li>\n<\/ol>\n<p>Le responsable d\u00e9sign\u00e9 des plaintes examinera votre plainte et m\u00e8nera une enqu\u00eate si<br \/>n\u00e9cessaire. Nous pourrions vous demander des renseignements ou des pr\u00e9cisions<br \/>suppl\u00e9mentaires pour mieux comprendre votre plainte et vos attentes. <\/p>\n<ol start=\"3\" type=\"a\">\n<li><strong>Envoi d\u2019une r\u00e9ponse finale \u00e9crite<\/strong><\/li>\n<\/ol>\n<p>Le plaignant recevra une r\u00e9ponse finale \u00e9crite dans les 60 jours suivant la r\u00e9ception de la plainte<br \/>initiale. La r\u00e9ponse finale contiendra les \u00e9l\u00e9ments suivants: <\/p>\n<ul>\n<li>Un r\u00e9sum\u00e9 de votre plainte;<\/li>\n<li>Une explication de l\u2019analyse que nous avons effectu\u00e9e de votre plainte ainsi que notre<br \/>conclusion et le raisonnement qui la sous-tend ;<\/li>\n<li>La solution propos\u00e9e \u00e0 votre plainte.<\/li>\n<\/ul>\n<p>Apr\u00e8s vous avoir fourni la r\u00e9ponse finale, nous demeurons disponibles pour examiner de<br \/>nouveaux \u00e9l\u00e9ments li\u00e9s \u00e0 votre plainte, pour recevoir vos commentaires et pour r\u00e9pondre \u00e0<br \/>toutes vos questions.<\/p>\n<p>Si l&rsquo;analyse de votre plainte prend plus de temps que pr\u00e9vu en raison de sa complexit\u00e9 et\/ou<br \/>d&rsquo;informations manquantes, et qu&rsquo;une r\u00e9ponse finale ne peut \u00eatre fournie dans un d\u00e9lai de 60<br \/>jours, nous pouvons prolonger le d\u00e9lai de traitement de votre plainte de 30 jours<br \/>suppl\u00e9mentaires. Dans un tel cas, le plaignant sera inform\u00e9 avant l&rsquo;expiration du d\u00e9lai initial de 60<br \/>jours et recevra une explication des circonstances justifiant cette prolongation. <\/p>\n<ol start=\"4\">\n<li><strong><u>Fournir votre r\u00e9ponse<\/u><\/strong><\/li>\n<\/ol>\n<p>Lorsque vous aurez re\u00e7u notre r\u00e9ponse finale, vous pourrez la consulter et \u00e9valuer notre offre pour la<br \/>r\u00e9solution de votre plainte. Avant de fournir votre r\u00e9ponse, nous vous accorderons le temps requis<br \/>pour obtenir les conseils n\u00e9cessaires \u00e0 une prise de d\u00e9cision \u00e9clair\u00e9e. <\/p>\n<p>\u00c0 ce stade, vous pourrez d\u00e9cider d&rsquo;accepter ou de refuser notre offre, ou de pr\u00e9senter une contre-offre.<\/p>\n<p>Lorsque nous aurons une entente conclue avec vous pour la r\u00e9solution de votre plainte, nous serons tenus de la mettre en \u0153uvre dans un d\u00e9lai de 30 jours, sauf si nous convenons d&rsquo;un d\u00e9lai diff\u00e9rent avec vous dans la mesure o\u00f9 c&rsquo;est dans votre int\u00e9r\u00eat.<\/p>\n<ol start=\"5\">\n<li><strong><u>Documentation des plaints des clients: <\/u><\/strong><\/li>\n<\/ol>\n<p>Un dossier est ouvert pour chaque plainte de client re\u00e7ue (le \u00ab dossier de plainte \u00bb) et comprend tous<br \/>les renseignements ou documents n\u00e9cessaires au traitement de votre plainte. Il comprend<br \/>notamment: <\/p>\n<ul>\n<li>La plainte originale et tous les documents fournis par le client relativement \u00e0 la plainte;<\/li>\n<li>Tous les \u00e9changes avec le client;<\/li>\n<li>La r\u00e9ponse \u00e9crite finale au plaignant, motiv\u00e9e.<\/li>\n<\/ul>\n<ol start=\"6\">\n<li><strong><u>Transfert de votre dossier de plainte \u00e0 l\u2019OBSI ou \u00e0 l\u2019AMF: <\/u><\/strong><\/li>\n<\/ol>\n<p>Si vous n&rsquo;\u00eates pas satisfait de la r\u00e9ponse que nous vous avons fournie ou du traitement de votre plainte, vous pouvez nous contacter en tout temps pour nous demander que votre dossier de plainte soit transmis \u00e0 l&rsquo;OSBI (Ombudsman des services bancaires et d&rsquo;investissement) ou, pour les r\u00e9sidents du Qu\u00e9bec, \u00e0 l&rsquo;AMF (Autorit\u00e9 des march\u00e9s financiers). Nous sommes tenus de transmettre votre dossier de plainte \u00e0 l&rsquo;AMF au plus tard 15 jours suivant la r\u00e9ception de votre demande. <\/p>\n<p>Votre dossier de plainte sera examin\u00e9 par l&rsquo;OSBI ou l&rsquo;AMF qui, si cela est jug\u00e9 appropri\u00e9, vous proposera par la suite des services de m\u00e9diation ou de conciliation. Ces services sont gratuits pour le plaignant et le processus de plainte n&rsquo;interrompt pas le d\u00e9lai de prescription pour intenter une action en justice.. <\/p>\n<p>Vous pouvez d\u00e9poser une plainte aupr\u00e8s de l&rsquo;OSBI sur son site Web en remplissant le formulaire \u00ab <a href=\"https:\/\/consumerportal.obsi.ca\/fr-ca\/public\/demandes\/demande-de-renseignements\">D\u00e9poser une plainte<\/a> \u00bb. Vous pouvez \u00e9galement communiquer directement avec l&rsquo;OSBI par t\u00e9l\u00e9phone au 1 888 451-4519 ou par courriel \u00e0 ombudsman@obsi.ca pour obtenir de l&rsquo;aide. <\/p>\n<p>Vous pouvez demander que nous transmettions votre dossier de plainte \u00e0 l&rsquo;AMF en utilisant ce formulaire : <a href=\"https:\/\/lautorite.qc.ca\/fileadmin\/lautorite\/formulaires\/grand-public\/GP-plainte_formulaire-transfert-dossier-fr.pdf\">Formulaire de transfert de dossier \u00e0 l&rsquo;Autorit\u00e9 des march\u00e9s financiers (AMF)<\/a>.<\/p>\n<p>Vous pouvez \u00e9galement faire cette demande de toute autre mani\u00e8re, et nous vous fournirons l&rsquo;assistance requise.<\/p>\n<\/div><\/div><\/div><\/div><\/div>\n","protected":false},"excerpt":{"rendered":"","protected":false},"author":2,"featured_media":0,"parent":0,"menu_order":0,"comment_status":"closed","ping_status":"closed","template":"100-width.php","meta":{"footnotes":""},"class_list":["post-12001","page","type-page","status-publish","hentry"],"yoast_head":"<!-- This site is optimized with the Yoast SEO plugin v27.3 - https:\/\/yoast.com\/product\/yoast-seo-wordpress\/ -->\n<title>Politique des plaintes - Kerr Financial<\/title>\n<meta name=\"robots\" content=\"index, follow, max-snippet:-1, max-image-preview:large, max-video-preview:-1\" \/>\n<link rel=\"canonical\" href=\"https:\/\/kerrfinancial.ca\/fr\/politique-des-plaintes\/\" \/>\n<meta property=\"og:locale\" content=\"fr_FR\" \/>\n<meta property=\"og:type\" content=\"article\" \/>\n<meta property=\"og:title\" content=\"Politique des plaintes - Kerr Financial\" \/>\n<meta property=\"og:url\" content=\"https:\/\/kerrfinancial.ca\/fr\/politique-des-plaintes\/\" \/>\n<meta property=\"og:site_name\" content=\"Kerr Financial\" \/>\n<meta property=\"article:modified_time\" content=\"2025-06-18T21:13:30+00:00\" \/>\n<meta name=\"twitter:card\" content=\"summary_large_image\" \/>\n<meta name=\"twitter:label1\" content=\"Dur\u00e9e de lecture estim\u00e9e\" \/>\n\t<meta name=\"twitter:data1\" content=\"8 minutes\" \/>\n<script type=\"application\/ld+json\" class=\"yoast-schema-graph\">{\"@context\":\"https:\\\/\\\/schema.org\",\"@graph\":[{\"@type\":\"WebPage\",\"@id\":\"https:\\\/\\\/kerrfinancial.ca\\\/fr\\\/politique-des-plaintes\\\/\",\"url\":\"https:\\\/\\\/kerrfinancial.ca\\\/fr\\\/politique-des-plaintes\\\/\",\"name\":\"Politique des plaintes - Kerr Financial\",\"isPartOf\":{\"@id\":\"https:\\\/\\\/kerrfinancial.ca\\\/#website\"},\"datePublished\":\"2025-06-18T20:54:39+00:00\",\"dateModified\":\"2025-06-18T21:13:30+00:00\",\"breadcrumb\":{\"@id\":\"https:\\\/\\\/kerrfinancial.ca\\\/fr\\\/politique-des-plaintes\\\/#breadcrumb\"},\"inLanguage\":\"fr-FR\",\"potentialAction\":[{\"@type\":\"ReadAction\",\"target\":[\"https:\\\/\\\/kerrfinancial.ca\\\/fr\\\/politique-des-plaintes\\\/\"]}]},{\"@type\":\"BreadcrumbList\",\"@id\":\"https:\\\/\\\/kerrfinancial.ca\\\/fr\\\/politique-des-plaintes\\\/#breadcrumb\",\"itemListElement\":[{\"@type\":\"ListItem\",\"position\":1,\"name\":\"Home\",\"item\":\"https:\\\/\\\/kerrfinancial.ca\\\/fr\\\/\"},{\"@type\":\"ListItem\",\"position\":2,\"name\":\"Politique des plaintes\"}]},{\"@type\":\"WebSite\",\"@id\":\"https:\\\/\\\/kerrfinancial.ca\\\/#website\",\"url\":\"https:\\\/\\\/kerrfinancial.ca\\\/\",\"name\":\"Kerr Financial\",\"description\":\"\",\"potentialAction\":[{\"@type\":\"SearchAction\",\"target\":{\"@type\":\"EntryPoint\",\"urlTemplate\":\"https:\\\/\\\/kerrfinancial.ca\\\/?s={search_term_string}\"},\"query-input\":{\"@type\":\"PropertyValueSpecification\",\"valueRequired\":true,\"valueName\":\"search_term_string\"}}],\"inLanguage\":\"fr-FR\"}]}<\/script>\n<!-- \/ Yoast SEO plugin. -->","yoast_head_json":{"title":"Politique des plaintes - Kerr Financial","robots":{"index":"index","follow":"follow","max-snippet":"max-snippet:-1","max-image-preview":"max-image-preview:large","max-video-preview":"max-video-preview:-1"},"canonical":"https:\/\/kerrfinancial.ca\/fr\/politique-des-plaintes\/","og_locale":"fr_FR","og_type":"article","og_title":"Politique des plaintes - Kerr Financial","og_url":"https:\/\/kerrfinancial.ca\/fr\/politique-des-plaintes\/","og_site_name":"Kerr Financial","article_modified_time":"2025-06-18T21:13:30+00:00","twitter_card":"summary_large_image","twitter_misc":{"Dur\u00e9e de lecture estim\u00e9e":"8 minutes"},"schema":{"@context":"https:\/\/schema.org","@graph":[{"@type":"WebPage","@id":"https:\/\/kerrfinancial.ca\/fr\/politique-des-plaintes\/","url":"https:\/\/kerrfinancial.ca\/fr\/politique-des-plaintes\/","name":"Politique des plaintes - Kerr Financial","isPartOf":{"@id":"https:\/\/kerrfinancial.ca\/#website"},"datePublished":"2025-06-18T20:54:39+00:00","dateModified":"2025-06-18T21:13:30+00:00","breadcrumb":{"@id":"https:\/\/kerrfinancial.ca\/fr\/politique-des-plaintes\/#breadcrumb"},"inLanguage":"fr-FR","potentialAction":[{"@type":"ReadAction","target":["https:\/\/kerrfinancial.ca\/fr\/politique-des-plaintes\/"]}]},{"@type":"BreadcrumbList","@id":"https:\/\/kerrfinancial.ca\/fr\/politique-des-plaintes\/#breadcrumb","itemListElement":[{"@type":"ListItem","position":1,"name":"Home","item":"https:\/\/kerrfinancial.ca\/fr\/"},{"@type":"ListItem","position":2,"name":"Politique des plaintes"}]},{"@type":"WebSite","@id":"https:\/\/kerrfinancial.ca\/#website","url":"https:\/\/kerrfinancial.ca\/","name":"Kerr Financial","description":"","potentialAction":[{"@type":"SearchAction","target":{"@type":"EntryPoint","urlTemplate":"https:\/\/kerrfinancial.ca\/?s={search_term_string}"},"query-input":{"@type":"PropertyValueSpecification","valueRequired":true,"valueName":"search_term_string"}}],"inLanguage":"fr-FR"}]}},"_links":{"self":[{"href":"https:\/\/kerrfinancial.ca\/fr\/wp-json\/wp\/v2\/pages\/12001","targetHints":{"allow":["GET"]}}],"collection":[{"href":"https:\/\/kerrfinancial.ca\/fr\/wp-json\/wp\/v2\/pages"}],"about":[{"href":"https:\/\/kerrfinancial.ca\/fr\/wp-json\/wp\/v2\/types\/page"}],"author":[{"embeddable":true,"href":"https:\/\/kerrfinancial.ca\/fr\/wp-json\/wp\/v2\/users\/2"}],"replies":[{"embeddable":true,"href":"https:\/\/kerrfinancial.ca\/fr\/wp-json\/wp\/v2\/comments?post=12001"}],"version-history":[{"count":0,"href":"https:\/\/kerrfinancial.ca\/fr\/wp-json\/wp\/v2\/pages\/12001\/revisions"}],"wp:attachment":[{"href":"https:\/\/kerrfinancial.ca\/fr\/wp-json\/wp\/v2\/media?parent=12001"}],"curies":[{"name":"wp","href":"https:\/\/api.w.org\/{rel}","templated":true}]}}