{"id":11596,"date":"2024-12-04T15:46:34","date_gmt":"2024-12-04T20:46:34","guid":{"rendered":"https:\/\/kerrfinancial.ca\/ressources-informations-et-evenements\/kerr-events\/tendances-du-marche-t3-septembre-2024\/"},"modified":"2025-02-05T16:46:06","modified_gmt":"2025-02-05T21:46:06","slug":"tendances-du-marche-t3-septembre-2024","status":"publish","type":"page","link":"https:\/\/kerrfinancial.ca\/fr\/evenements-kerr\/tendances-du-marche-t3-septembre-2024\/","title":{"rendered":"Tendances du march\u00e9 T3 &#8211; Septembre 2024"},"content":{"rendered":"<p><div class=\"fusion-fullwidth fullwidth-box fusion-builder-row-1 fusion-flex-container has-pattern-background has-mask-background nonhundred-percent-fullwidth non-hundred-percent-height-scrolling\" style=\"--awb-border-radius-top-left:0px;--awb-border-radius-top-right:0px;--awb-border-radius-bottom-right:0px;--awb-border-radius-bottom-left:0px;--awb-padding-top:60px;--awb-padding-bottom:50px;--awb-padding-top-small:70px;--awb-padding-bottom-small:42px;--awb-margin-bottom-small:0px;--awb-flex-wrap:wrap;\" ><div class=\"fusion-builder-row fusion-row fusion-flex-align-items-flex-start fusion-flex-justify-content-center fusion-flex-content-wrap\" style=\"max-width:calc( 1200px + 100px );margin-left: calc(-100px \/ 2 );margin-right: calc(-100px \/ 2 );\"><div class=\"fusion-layout-column fusion_builder_column fusion-builder-column-0 fusion_builder_column_3_4 3_4 fusion-flex-column fusion-animated\" style=\"--awb-bg-size:cover;--awb-width-large:75%;--awb-margin-top-large:0px;--awb-spacing-right-large:50px;--awb-margin-bottom-large:80px;--awb-spacing-left-large:50px;--awb-width-medium:75%;--awb-order-medium:0;--awb-spacing-right-medium:50px;--awb-spacing-left-medium:50px;--awb-width-small:100%;--awb-order-small:0;--awb-spacing-right-small:50px;--awb-margin-bottom-small:50px;--awb-spacing-left-small:50px;\" data-animationType=\"fadeInUp\" data-animationDuration=\"0.6\" data-animationOffset=\"top-into-view\"><div class=\"fusion-column-wrapper fusion-column-has-shadow fusion-flex-justify-content-flex-start fusion-content-layout-column\"><div class=\"fusion-image-element \" style=\"--awb-margin-bottom:40px;--awb-caption-title-font-family:var(--h2_typography-font-family);--awb-caption-title-font-weight:var(--h2_typography-font-weight);--awb-caption-title-font-style:var(--h2_typography-font-style);--awb-caption-title-size:var(--h2_typography-font-size);--awb-caption-title-transform:var(--h2_typography-text-transform);--awb-caption-title-line-height:var(--h2_typography-line-height);--awb-caption-title-letter-spacing:var(--h2_typography-letter-spacing);\"><span class=\" fusion-imageframe imageframe-none imageframe-1 hover-type-none\"><img decoding=\"async\" width=\"1920\" height=\"800\" title=\"default blog\" src=\"https:\/\/kerrfinancial.ca\/wp-content\/uploads\/2024\/12\/default-blog.png\" data-orig-src=\"https:\/\/kerrfinancial.ca\/wp-content\/uploads\/2024\/12\/default-blog.png\" alt class=\"lazyload img-responsive wp-image-9613\" srcset=\"data:image\/svg+xml,%3Csvg%20xmlns%3D%27http%3A%2F%2Fwww.w3.org%2F2000%2Fsvg%27%20width%3D%271920%27%20height%3D%27800%27%20viewBox%3D%270%200%201920%20800%27%3E%3Crect%20width%3D%271920%27%20height%3D%27800%27%20fill-opacity%3D%220%22%2F%3E%3C%2Fsvg%3E\" data-srcset=\"https:\/\/kerrfinancial.ca\/wp-content\/uploads\/2024\/12\/default-blog-200x83.png 200w, https:\/\/kerrfinancial.ca\/wp-content\/uploads\/2024\/12\/default-blog-400x167.png 400w, https:\/\/kerrfinancial.ca\/wp-content\/uploads\/2024\/12\/default-blog-600x250.png 600w, https:\/\/kerrfinancial.ca\/wp-content\/uploads\/2024\/12\/default-blog-800x333.png 800w, https:\/\/kerrfinancial.ca\/wp-content\/uploads\/2024\/12\/default-blog-1200x500.png 1200w, https:\/\/kerrfinancial.ca\/wp-content\/uploads\/2024\/12\/default-blog.png 1920w\" data-sizes=\"auto\" data-orig-sizes=\"(max-width: 640px) 100vw, 1200px\" \/><\/span><\/div><div class=\"fusion-title title fusion-title-1 fusion-sep-none fusion-title-center fusion-title-text fusion-title-size-one\"><h1 class=\"fusion-title-heading title-heading-center fusion-responsive-typography-calculated\" style=\"margin:0;--fontSize:50;line-height:var(--awb-typography1-line-height);\">Tendances du march\u00e9 T3 &#8211; Septembre 2024<\/h1><\/div><div class=\"fusion-title title fusion-title-2 fusion-sep-none fusion-title-center fusion-title-text fusion-title-size-four\" style=\"--awb-text-color:var(--awb-color8);\"><h4 class=\"fusion-title-heading title-heading-center fusion-responsive-typography-calculated\" style=\"margin:0;--fontSize:28;line-height:var(--awb-typography1-line-height);\">Q&amp;R | Chine | Fonds sp\u00e9culatifs multi-strat\u00e9gies<\/h4><\/div><div class=\"fusion-text fusion-text-1\" style=\"--awb-content-alignment:center;\"><p>17 octobre 2024 12h00 &#8211; 13h00<\/p>\n<\/div><\/div><\/div><\/div><\/div><div class=\"fusion-fullwidth fullwidth-box fusion-builder-row-2 fusion-flex-container has-pattern-background has-mask-background nonhundred-percent-fullwidth non-hundred-percent-height-scrolling\" style=\"--awb-border-radius-top-left:0px;--awb-border-radius-top-right:0px;--awb-border-radius-bottom-right:0px;--awb-border-radius-bottom-left:0px;--awb-flex-wrap:wrap;\" ><div class=\"fusion-builder-row fusion-row fusion-flex-align-items-flex-start fusion-flex-justify-content-center fusion-flex-content-wrap\" style=\"max-width:1248px;margin-left: calc(-4% \/ 2 );margin-right: calc(-4% \/ 2 );\"><div class=\"fusion-layout-column fusion_builder_column fusion-builder-column-1 fusion_builder_column_3_4 3_4 fusion-flex-column\" style=\"--awb-bg-size:cover;--awb-width-large:75%;--awb-margin-top-large:0px;--awb-spacing-right-large:2.56%;--awb-margin-bottom-large:20px;--awb-spacing-left-large:2.56%;--awb-width-medium:75%;--awb-order-medium:0;--awb-spacing-right-medium:2.56%;--awb-spacing-left-medium:2.56%;--awb-width-small:100%;--awb-order-small:0;--awb-spacing-right-small:1.92%;--awb-spacing-left-small:1.92%;\"><div class=\"fusion-column-wrapper fusion-column-has-shadow fusion-flex-justify-content-flex-start fusion-content-layout-column\"><div class=\"fusion-title title fusion-title-3 fusion-sep-none fusion-title-text fusion-title-size-two\"><h2 class=\"fusion-title-heading title-heading-left fusion-responsive-typography-calculated\" style=\"margin:0;--fontSize:40;line-height:var(--awb-typography1-line-height);\">Faits marquants du webinaire<\/h2><\/div><div class=\"fusion-text fusion-text-2\"><p>Nos experts en investissement, Krista Kerr et Frank Settino, poseront un regard sur l\u2019actualit\u00e9 des march\u00e9s boursiers et vous proposeront des id\u00e9es pour vous aider \u00e0 clore l&rsquo;ann\u00e9e en beaut\u00e9. Frank Settino examinera \u00e9galement de plus pr\u00e8s la r\u00e9cente pouss\u00e9e de croissance de la Chine, et abordera la r\u00e9cente explosion en popularit\u00e9 des fonds sp\u00e9culatifs multi-strat\u00e9gies. Ne manquez pas cette opportunit\u00e9 de prendre des d\u00e9cisions d&rsquo;investissement plus \u00e9clair\u00e9es.<\/p>\n<\/div><div class=\"fusion-title title fusion-title-4 fusion-sep-none fusion-title-text fusion-title-size-four\" style=\"--awb-margin-top:40px;--awb-margin-bottom:40px;\"><h4 class=\"fusion-title-heading title-heading-left fusion-responsive-typography-calculated\" style=\"margin:0;--fontSize:28;line-height:var(--awb-typography1-line-height);\">Regardez le webinaire ci-dessous !<\/h4><\/div><div class=\"fusion-video fusion-youtube\" style=\"--awb-max-width:600px;--awb-max-height:360px;\"><div class=\"video-shortcode\"><div class=\"fluid-width-video-wrapper\" style=\"padding-top:60%;\" ><iframe title=\"YouTube video player 1\" src=\"https:\/\/www.youtube.com\/embed\/WT8JXsLwWjc?wmode=transparent&autoplay=0\" width=\"600\" height=\"360\" allowfullscreen allow=\"autoplay; fullscreen\"><\/iframe><\/div><\/div><\/div><div class=\"fusion-title title fusion-title-5 fusion-sep-none fusion-title-text fusion-title-size-four\" style=\"--awb-margin-top:80px;--awb-margin-bottom:20px;\"><h4 class=\"fusion-title-heading title-heading-left fusion-responsive-typography-calculated\" style=\"margin:0;--fontSize:28;line-height:var(--awb-typography1-line-height);\">D\u00e9couvrez les avantages de notre expertise en mati\u00e8re d&rsquo;investissement<\/h4><\/div><div class=\"fusion-text fusion-text-3\"><p>Prenez contact d\u00e8s aujourd&rsquo;hui avec notre \u00e9quipe pour un entretien priv\u00e9 :<\/p>\n<\/div><\/div><\/div><\/div><\/div><div class=\"fusion-fullwidth fullwidth-box fusion-builder-row-3 fusion-flex-container has-pattern-background has-mask-background nonhundred-percent-fullwidth non-hundred-percent-height-scrolling\" style=\"--awb-border-radius-top-left:0px;--awb-border-radius-top-right:0px;--awb-border-radius-bottom-right:0px;--awb-border-radius-bottom-left:0px;--awb-padding-top:0px;--awb-padding-bottom:120px;--awb-padding-top-small:70px;--awb-padding-bottom-small:42px;--awb-margin-bottom-small:0px;--awb-flex-wrap:wrap;\" ><div class=\"fusion-builder-row fusion-row fusion-flex-align-items-flex-start fusion-flex-justify-content-center fusion-flex-content-wrap\" style=\"max-width:calc( 1200px + 100px );margin-left: calc(-100px \/ 2 );margin-right: calc(-100px \/ 2 );\"><div class=\"fusion-layout-column fusion_builder_column fusion-builder-column-2 fusion_builder_column_1_3 1_3 fusion-flex-column\" style=\"--awb-bg-size:cover;--awb-width-large:33.3333333333%;--awb-margin-top-large:0px;--awb-spacing-right-large:calc( 0.09 * calc( 100% - 100px ) );--awb-margin-bottom-large:0px;--awb-spacing-left-large:50px;--awb-width-medium:33.3333333333%;--awb-spacing-right-medium:calc( 0.09 * calc( 100% - 100px ) );--awb-spacing-left-medium:50px;--awb-width-small:100%;--awb-order-small:1;--awb-spacing-right-small:50px;--awb-margin-bottom-small:50px;--awb-spacing-left-small:50px;\"><div class=\"fusion-column-wrapper fusion-column-has-shadow fusion-flex-justify-content-flex-start fusion-content-layout-column\"><div class=\"fusion-image-element \" style=\"--awb-margin-bottom:10px;--awb-caption-title-font-family:var(--h2_typography-font-family);--awb-caption-title-font-weight:var(--h2_typography-font-weight);--awb-caption-title-font-style:var(--h2_typography-font-style);--awb-caption-title-size:var(--h2_typography-font-size);--awb-caption-title-transform:var(--h2_typography-text-transform);--awb-caption-title-line-height:var(--h2_typography-line-height);--awb-caption-title-letter-spacing:var(--h2_typography-letter-spacing);\"><span class=\" fusion-imageframe imageframe-none imageframe-2 hover-type-none\" style=\"border-radius:6px;\"><img decoding=\"async\" width=\"700\" height=\"300\" title=\"montreal map\" src=\"https:\/\/kerrfinancial.ca\/wp-content\/uploads\/2024\/10\/montreal-map.jpg\" data-orig-src=\"https:\/\/kerrfinancial.ca\/wp-content\/uploads\/2024\/10\/montreal-map.jpg\" alt class=\"lazyload img-responsive wp-image-1793\" srcset=\"data:image\/svg+xml,%3Csvg%20xmlns%3D%27http%3A%2F%2Fwww.w3.org%2F2000%2Fsvg%27%20width%3D%27700%27%20height%3D%27300%27%20viewBox%3D%270%200%20700%20300%27%3E%3Crect%20width%3D%27700%27%20height%3D%27300%27%20fill-opacity%3D%220%22%2F%3E%3C%2Fsvg%3E\" data-srcset=\"https:\/\/kerrfinancial.ca\/wp-content\/uploads\/2024\/10\/montreal-map-200x86.jpg 200w, https:\/\/kerrfinancial.ca\/wp-content\/uploads\/2024\/10\/montreal-map-400x171.jpg 400w, https:\/\/kerrfinancial.ca\/wp-content\/uploads\/2024\/10\/montreal-map-600x257.jpg 600w, https:\/\/kerrfinancial.ca\/wp-content\/uploads\/2024\/10\/montreal-map.jpg 700w\" data-sizes=\"auto\" data-orig-sizes=\"(max-width: 640px) 100vw, 400px\" \/><\/span><\/div><div class=\"fusion-title title fusion-title-6 fusion-sep-none fusion-title-text fusion-title-size-four\"><h4 class=\"fusion-title-heading title-heading-left fusion-responsive-typography-calculated\" style=\"margin:0;--fontSize:28;line-height:var(--awb-typography1-line-height);\">Bureau de Montr\u00e9al<\/h4><\/div><div class=\"fusion-text fusion-text-4\"><p><strong>Kerr Financial<\/strong><br \/>1 Place Ville Marie, bureau 1680<br \/> Montr\u00e9al, QC, H3B 2B6<\/p>\n<p>T\u00e9l : <a href=\"tel:5148718213\">(514) 871-8213<\/a><br \/>Fax : (514) 393-9516<\/p>\n<p><a href=\"https:\/\/maps.google.com\/?daddr=1+Place+Ville+Marie+Suite+1680+Montreal+QC+H3B2B6\" target=\"_blank\" rel=\"noopener\">Obtenir des directions<\/a><\/p>\n<\/div><\/div><\/div><div class=\"fusion-layout-column fusion_builder_column fusion-builder-column-3 fusion_builder_column_1_3 1_3 fusion-flex-column\" style=\"--awb-bg-size:cover;--awb-width-large:33.3333333333%;--awb-margin-top-large:0px;--awb-spacing-right-large:calc( 0.09 * calc( 100% - 100px ) );--awb-margin-bottom-large:0px;--awb-spacing-left-large:50px;--awb-width-medium:33.3333333333%;--awb-spacing-right-medium:calc( 0.09 * calc( 100% - 100px ) );--awb-spacing-left-medium:50px;--awb-width-small:100%;--awb-order-small:1;--awb-spacing-right-small:50px;--awb-margin-bottom-small:50px;--awb-spacing-left-small:50px;\"><div class=\"fusion-column-wrapper fusion-column-has-shadow fusion-flex-justify-content-flex-start fusion-content-layout-column\"><div class=\"fusion-image-element \" style=\"--awb-margin-top:0px;--awb-margin-bottom:10px;--awb-caption-title-font-family:var(--h2_typography-font-family);--awb-caption-title-font-weight:var(--h2_typography-font-weight);--awb-caption-title-font-style:var(--h2_typography-font-style);--awb-caption-title-size:var(--h2_typography-font-size);--awb-caption-title-transform:var(--h2_typography-text-transform);--awb-caption-title-line-height:var(--h2_typography-line-height);--awb-caption-title-letter-spacing:var(--h2_typography-letter-spacing);\"><span class=\" fusion-imageframe imageframe-none imageframe-3 hover-type-none\" style=\"border-radius:6px;\"><img decoding=\"async\" width=\"700\" height=\"300\" title=\"toronto map\" src=\"https:\/\/kerrfinancial.ca\/wp-content\/uploads\/2024\/10\/toronto-map.jpg\" data-orig-src=\"https:\/\/kerrfinancial.ca\/wp-content\/uploads\/2024\/10\/toronto-map.jpg\" alt class=\"lazyload img-responsive wp-image-1795\" srcset=\"data:image\/svg+xml,%3Csvg%20xmlns%3D%27http%3A%2F%2Fwww.w3.org%2F2000%2Fsvg%27%20width%3D%27700%27%20height%3D%27300%27%20viewBox%3D%270%200%20700%20300%27%3E%3Crect%20width%3D%27700%27%20height%3D%27300%27%20fill-opacity%3D%220%22%2F%3E%3C%2Fsvg%3E\" data-srcset=\"https:\/\/kerrfinancial.ca\/wp-content\/uploads\/2024\/10\/toronto-map-200x86.jpg 200w, https:\/\/kerrfinancial.ca\/wp-content\/uploads\/2024\/10\/toronto-map-400x171.jpg 400w, https:\/\/kerrfinancial.ca\/wp-content\/uploads\/2024\/10\/toronto-map-600x257.jpg 600w, https:\/\/kerrfinancial.ca\/wp-content\/uploads\/2024\/10\/toronto-map.jpg 700w\" data-sizes=\"auto\" data-orig-sizes=\"(max-width: 640px) 100vw, 400px\" \/><\/span><\/div><div class=\"fusion-title title fusion-title-7 fusion-sep-none fusion-title-text fusion-title-size-four\"><h4 class=\"fusion-title-heading title-heading-left fusion-responsive-typography-calculated\" style=\"margin:0;--fontSize:28;line-height:var(--awb-typography1-line-height);\">Bureau de Toronto<\/h4><\/div><div class=\"fusion-text fusion-text-5\"><p><strong>Kerr Financial<\/strong><br \/>150, rue York, bureau 1212<br \/> Toronto, ON, M5H 3S5<\/p>\n<p>T\u00e9l : <a href=\"tel:4163649447\">(416) 364-9447<\/a><br \/>Fax : (416) 364-0892<\/p>\n<p><a href=\"https:\/\/maps.google.com\/?daddr=150+York+Street+Suite+1212+Toronto+ON+M5H3S5\" target=\"_blank\" rel=\"noopener\">Obtenir des directions<\/a><\/p>\n<\/div><\/div><\/div><\/div><\/div><\/p>\n","protected":false},"excerpt":{"rendered":"","protected":false},"author":19,"featured_media":0,"parent":11553,"menu_order":0,"comment_status":"closed","ping_status":"closed","template":"100-width.php","meta":{"footnotes":""},"class_list":["post-11596","page","type-page","status-publish","hentry"],"yoast_head":"<!-- This site is optimized with the Yoast SEO plugin v27.4 - https:\/\/yoast.com\/product\/yoast-seo-wordpress\/ -->\n<title>Tendances du march\u00e9 T3 - Septembre 2024 - Kerr Financial<\/title>\n<meta name=\"robots\" content=\"index, follow, max-snippet:-1, max-image-preview:large, max-video-preview:-1\" \/>\n<link rel=\"canonical\" href=\"https:\/\/kerrfinancial.ca\/fr\/evenements-kerr\/tendances-du-marche-t3-septembre-2024\/\" \/>\n<meta property=\"og:locale\" content=\"fr_FR\" \/>\n<meta property=\"og:type\" content=\"article\" \/>\n<meta property=\"og:title\" content=\"Tendances du march\u00e9 T3 - Septembre 2024 - Kerr Financial\" \/>\n<meta property=\"og:url\" content=\"https:\/\/kerrfinancial.ca\/fr\/evenements-kerr\/tendances-du-marche-t3-septembre-2024\/\" \/>\n<meta property=\"og:site_name\" content=\"Kerr Financial\" \/>\n<meta property=\"article:modified_time\" content=\"2025-02-05T21:46:06+00:00\" \/>\n<meta name=\"twitter:card\" content=\"summary_large_image\" \/>\n<meta name=\"twitter:label1\" content=\"Dur\u00e9e de lecture estim\u00e9e\" \/>\n\t<meta name=\"twitter:data1\" content=\"13 minutes\" \/>\n<script type=\"application\/ld+json\" class=\"yoast-schema-graph\">{\"@context\":\"https:\\\/\\\/schema.org\",\"@graph\":[{\"@type\":\"WebPage\",\"@id\":\"https:\\\/\\\/kerrfinancial.ca\\\/fr\\\/evenements-kerr\\\/tendances-du-marche-t3-septembre-2024\\\/\",\"url\":\"https:\\\/\\\/kerrfinancial.ca\\\/fr\\\/evenements-kerr\\\/tendances-du-marche-t3-septembre-2024\\\/\",\"name\":\"Tendances du march\u00e9 T3 - Septembre 2024 - Kerr Financial\",\"isPartOf\":{\"@id\":\"https:\\\/\\\/kerrfinancial.ca\\\/#website\"},\"datePublished\":\"2024-12-04T20:46:34+00:00\",\"dateModified\":\"2025-02-05T21:46:06+00:00\",\"breadcrumb\":{\"@id\":\"https:\\\/\\\/kerrfinancial.ca\\\/fr\\\/evenements-kerr\\\/tendances-du-marche-t3-septembre-2024\\\/#breadcrumb\"},\"inLanguage\":\"fr-FR\",\"potentialAction\":[{\"@type\":\"ReadAction\",\"target\":[\"https:\\\/\\\/kerrfinancial.ca\\\/fr\\\/evenements-kerr\\\/tendances-du-marche-t3-septembre-2024\\\/\"]}]},{\"@type\":\"BreadcrumbList\",\"@id\":\"https:\\\/\\\/kerrfinancial.ca\\\/fr\\\/evenements-kerr\\\/tendances-du-marche-t3-septembre-2024\\\/#breadcrumb\",\"itemListElement\":[{\"@type\":\"ListItem\",\"position\":1,\"name\":\"Home\",\"item\":\"https:\\\/\\\/kerrfinancial.ca\\\/fr\\\/\"},{\"@type\":\"ListItem\",\"position\":2,\"name\":\"\u00c9v\u00e9nements Kerr\",\"item\":\"https:\\\/\\\/kerrfinancial.ca\\\/fr\\\/evenements-kerr\\\/\"},{\"@type\":\"ListItem\",\"position\":3,\"name\":\"Tendances du march\u00e9 T3 &#8211; Septembre 2024\"}]},{\"@type\":\"WebSite\",\"@id\":\"https:\\\/\\\/kerrfinancial.ca\\\/#website\",\"url\":\"https:\\\/\\\/kerrfinancial.ca\\\/\",\"name\":\"Kerr Financial\",\"description\":\"\",\"potentialAction\":[{\"@type\":\"SearchAction\",\"target\":{\"@type\":\"EntryPoint\",\"urlTemplate\":\"https:\\\/\\\/kerrfinancial.ca\\\/?s={search_term_string}\"},\"query-input\":{\"@type\":\"PropertyValueSpecification\",\"valueRequired\":true,\"valueName\":\"search_term_string\"}}],\"inLanguage\":\"fr-FR\"}]}<\/script>\n<!-- \/ Yoast SEO plugin. -->","yoast_head_json":{"title":"Tendances du march\u00e9 T3 - Septembre 2024 - Kerr Financial","robots":{"index":"index","follow":"follow","max-snippet":"max-snippet:-1","max-image-preview":"max-image-preview:large","max-video-preview":"max-video-preview:-1"},"canonical":"https:\/\/kerrfinancial.ca\/fr\/evenements-kerr\/tendances-du-marche-t3-septembre-2024\/","og_locale":"fr_FR","og_type":"article","og_title":"Tendances du march\u00e9 T3 - Septembre 2024 - Kerr Financial","og_url":"https:\/\/kerrfinancial.ca\/fr\/evenements-kerr\/tendances-du-marche-t3-septembre-2024\/","og_site_name":"Kerr Financial","article_modified_time":"2025-02-05T21:46:06+00:00","twitter_card":"summary_large_image","twitter_misc":{"Dur\u00e9e de lecture estim\u00e9e":"13 minutes"},"schema":{"@context":"https:\/\/schema.org","@graph":[{"@type":"WebPage","@id":"https:\/\/kerrfinancial.ca\/fr\/evenements-kerr\/tendances-du-marche-t3-septembre-2024\/","url":"https:\/\/kerrfinancial.ca\/fr\/evenements-kerr\/tendances-du-marche-t3-septembre-2024\/","name":"Tendances du march\u00e9 T3 - Septembre 2024 - Kerr Financial","isPartOf":{"@id":"https:\/\/kerrfinancial.ca\/#website"},"datePublished":"2024-12-04T20:46:34+00:00","dateModified":"2025-02-05T21:46:06+00:00","breadcrumb":{"@id":"https:\/\/kerrfinancial.ca\/fr\/evenements-kerr\/tendances-du-marche-t3-septembre-2024\/#breadcrumb"},"inLanguage":"fr-FR","potentialAction":[{"@type":"ReadAction","target":["https:\/\/kerrfinancial.ca\/fr\/evenements-kerr\/tendances-du-marche-t3-septembre-2024\/"]}]},{"@type":"BreadcrumbList","@id":"https:\/\/kerrfinancial.ca\/fr\/evenements-kerr\/tendances-du-marche-t3-septembre-2024\/#breadcrumb","itemListElement":[{"@type":"ListItem","position":1,"name":"Home","item":"https:\/\/kerrfinancial.ca\/fr\/"},{"@type":"ListItem","position":2,"name":"\u00c9v\u00e9nements Kerr","item":"https:\/\/kerrfinancial.ca\/fr\/evenements-kerr\/"},{"@type":"ListItem","position":3,"name":"Tendances du march\u00e9 T3 &#8211; Septembre 2024"}]},{"@type":"WebSite","@id":"https:\/\/kerrfinancial.ca\/#website","url":"https:\/\/kerrfinancial.ca\/","name":"Kerr Financial","description":"","potentialAction":[{"@type":"SearchAction","target":{"@type":"EntryPoint","urlTemplate":"https:\/\/kerrfinancial.ca\/?s={search_term_string}"},"query-input":{"@type":"PropertyValueSpecification","valueRequired":true,"valueName":"search_term_string"}}],"inLanguage":"fr-FR"}]}},"_links":{"self":[{"href":"https:\/\/kerrfinancial.ca\/fr\/wp-json\/wp\/v2\/pages\/11596","targetHints":{"allow":["GET"]}}],"collection":[{"href":"https:\/\/kerrfinancial.ca\/fr\/wp-json\/wp\/v2\/pages"}],"about":[{"href":"https:\/\/kerrfinancial.ca\/fr\/wp-json\/wp\/v2\/types\/page"}],"author":[{"embeddable":true,"href":"https:\/\/kerrfinancial.ca\/fr\/wp-json\/wp\/v2\/users\/19"}],"replies":[{"embeddable":true,"href":"https:\/\/kerrfinancial.ca\/fr\/wp-json\/wp\/v2\/comments?post=11596"}],"version-history":[{"count":0,"href":"https:\/\/kerrfinancial.ca\/fr\/wp-json\/wp\/v2\/pages\/11596\/revisions"}],"up":[{"embeddable":true,"href":"https:\/\/kerrfinancial.ca\/fr\/wp-json\/wp\/v2\/pages\/11553"}],"wp:attachment":[{"href":"https:\/\/kerrfinancial.ca\/fr\/wp-json\/wp\/v2\/media?parent=11596"}],"curies":[{"name":"wp","href":"https:\/\/api.w.org\/{rel}","templated":true}]}}